{"id":847,"date":"2020-07-02T20:10:51","date_gmt":"2020-07-02T18:10:51","guid":{"rendered":"http:\/\/hasira.net\/?page_id=847"},"modified":"2020-09-09T02:33:14","modified_gmt":"2020-09-09T00:33:14","slug":"jewish-spiritual-and-secular-choral-music","status":"publish","type":"page","link":"https:\/\/hasira.net\/sr\/","title":{"rendered":"HASIRA NASLOVNA"},"content":{"rendered":"[vc_row full_width=&#8221;stretch_row_content_no_spaces&#8221; css=&#8221;.vc_custom_1597102080773{margin-bottom: 0px !important;}&#8221;][vc_column][rev_slider_vc alias=&#8221;hasira-home-eng-1&#8243;][\/vc_column][\/vc_row]\n","protected":false},"excerpt":{"rendered":"<p>[vc_row full_width=&#8221;stretch_row_content_no_spaces&#8221; css=&#8221;.vc_custom_1597102080773{margin-bottom: 0px !important;}&#8221;][vc_column][rev_slider_vc alias=&#8221;hasira-home-eng-1&#8243;][\/vc_column][\/vc_row]<\/p>\n","protected":false},"author":1,"featured_media":810,"parent":0,"menu_order":0,"comment_status":"closed","ping_status":"closed","template":"template-homepage.php","meta":{"_acf_changed":false,"footnotes":""},"class_list":["post-847","page","type-page","status-publish","has-post-thumbnail","hentry"],"acf":[],"yoast_head":"<!-- This site is optimized with the Yoast SEO plugin v26.8 - https:\/\/yoast.com\/product\/yoast-seo-wordpress\/ -->\n<title>HA&Scaron;IRA - Novi Sad&rsquo;s Jewish Community Choir<\/title>\n<meta name=\"description\" content=\"Hor Ha\u0161ira neguje jevrejsku duhovnu i svetovnu muziku, a peva i svaku drugu dobru horsku pesmu doprinose\u0107i tako ljubavi, po\u0161tovanju i dobroti me\u0111u ljudima.\" \/>\n<meta name=\"robots\" content=\"index, follow, max-snippet:-1, max-image-preview:large, max-video-preview:-1\" \/>\n<link rel=\"canonical\" href=\"https:\/\/hasira.net\/sr\/\" \/>\n<meta property=\"og:locale\" content=\"sr_RS\" \/>\n<meta property=\"og:locale:alternate\" content=\"en_UK\" \/>\n<meta property=\"og:type\" content=\"article\" \/>\n<meta property=\"og:title\" content=\"Hashira - Novi Sad&#039;s Jewish Community Choir\" \/>\n<meta property=\"og:description\" content=\"Hashira choir performs Jewish spiritual and secular as well as other good choral music thus promoting love, respect and kindness among people.\" \/>\n<meta property=\"og:url\" content=\"https:\/\/hasira.net\/sr\/\" \/>\n<meta property=\"og:site_name\" content=\"HA&Scaron;IRA\" \/>\n<meta property=\"article:modified_time\" content=\"2020-09-09T00:33:14+00:00\" \/>\n<meta property=\"og:image\" content=\"https:\/\/hasira.net\/wp-content\/uploads\/2020\/07\/Ha\u0161ira-Home-01.jpg\" \/>\n\t<meta property=\"og:image:width\" content=\"1920\" \/>\n\t<meta property=\"og:image:height\" content=\"1281\" \/>\n\t<meta property=\"og:image:type\" content=\"image\/jpeg\" \/>\n<meta name=\"twitter:card\" content=\"summary_large_image\" \/>\n<script type=\"application\/ld+json\" class=\"yoast-schema-graph\">{\"@context\":\"https:\/\/schema.org\",\"@graph\":[{\"@type\":\"WebPage\",\"@id\":\"https:\/\/hasira.net\/\",\"url\":\"https:\/\/hasira.net\/\",\"name\":\"HA&Scaron;IRA - Novi Sad&rsquo;s Jewish Community Choir\",\"isPartOf\":{\"@id\":\"https:\/\/hasira.net\/#website\"},\"primaryImageOfPage\":{\"@id\":\"https:\/\/hasira.net\/#primaryimage\"},\"image\":{\"@id\":\"https:\/\/hasira.net\/#primaryimage\"},\"thumbnailUrl\":\"https:\/\/hasira.net\/wp-content\/uploads\/2020\/07\/Ha\u0161ira-Home-01.jpg\",\"datePublished\":\"2020-07-02T18:10:51+00:00\",\"dateModified\":\"2020-09-09T00:33:14+00:00\",\"description\":\"Hashira choir promotes Jewish spiritual and secular as well as other good choral music promoting love, respect and kindness among people.\",\"breadcrumb\":{\"@id\":\"https:\/\/hasira.net\/#breadcrumb\"},\"inLanguage\":\"sr-RS\",\"potentialAction\":[{\"@type\":\"ReadAction\",\"target\":[\"https:\/\/hasira.net\/\"]}]},{\"@type\":\"ImageObject\",\"inLanguage\":\"sr-RS\",\"@id\":\"https:\/\/hasira.net\/#primaryimage\",\"url\":\"https:\/\/hasira.net\/wp-content\/uploads\/2020\/07\/Ha\u0161ira-Home-01.jpg\",\"contentUrl\":\"https:\/\/hasira.net\/wp-content\/uploads\/2020\/07\/Ha\u0161ira-Home-01.jpg\",\"width\":1920,\"height\":1281},{\"@type\":\"BreadcrumbList\",\"@id\":\"https:\/\/hasira.net\/#breadcrumb\",\"itemListElement\":[{\"@type\":\"ListItem\",\"position\":1,\"name\":\"Home\",\"item\":\"https:\/\/hasira.net\/\"},{\"@type\":\"ListItem\",\"position\":2,\"name\":\"HASHIRA\"}]},{\"@type\":\"WebSite\",\"@id\":\"https:\/\/hasira.net\/#website\",\"url\":\"https:\/\/hasira.net\/\",\"name\":\"HA&Scaron;IRA\",\"description\":\"Novi Sad&rsquo;s Jewish Community Choir\",\"publisher\":{\"@id\":\"https:\/\/hasira.net\/#organization\"},\"potentialAction\":[{\"@type\":\"SearchAction\",\"target\":{\"@type\":\"EntryPoint\",\"urlTemplate\":\"https:\/\/hasira.net\/?s={search_term_string}\"},\"query-input\":{\"@type\":\"PropertyValueSpecification\",\"valueRequired\":true,\"valueName\":\"search_term_string\"}}],\"inLanguage\":\"sr-RS\"},{\"@type\":\"Organization\",\"@id\":\"https:\/\/hasira.net\/#organization\",\"name\":\"HASHIRA, Novi Sad\u2019s Jewish Community Choir\",\"url\":\"https:\/\/hasira.net\/\",\"logo\":{\"@type\":\"ImageObject\",\"inLanguage\":\"sr-RS\",\"@id\":\"https:\/\/hasira.net\/#\/schema\/logo\/image\/\",\"url\":\"https:\/\/hasira.net\/wp-content\/uploads\/2020\/07\/HASHIRA-LOGO-A.png\",\"contentUrl\":\"https:\/\/hasira.net\/wp-content\/uploads\/2020\/07\/HASHIRA-LOGO-A.png\",\"width\":332,\"height\":59,\"caption\":\"HASHIRA, Novi Sad\u2019s Jewish Community Choir\"},\"image\":{\"@id\":\"https:\/\/hasira.net\/#\/schema\/logo\/image\/\"}}]}<\/script>\n<!-- \/ Yoast SEO plugin. -->","yoast_head_json":{"title":"HA&Scaron;IRA - Novi Sad&rsquo;s Jewish Community Choir","description":"Hor Ha\u0161ira neguje jevrejsku duhovnu i svetovnu muziku, a peva i svaku drugu dobru horsku pesmu doprinose\u0107i tako ljubavi, po\u0161tovanju i dobroti me\u0111u ljudima.","robots":{"index":"index","follow":"follow","max-snippet":"max-snippet:-1","max-image-preview":"max-image-preview:large","max-video-preview":"max-video-preview:-1"},"canonical":"https:\/\/hasira.net\/sr\/","og_locale":"sr_RS","og_type":"article","og_title":"Hashira - Novi Sad's Jewish Community Choir","og_description":"Hashira choir performs Jewish spiritual and secular as well as other good choral music thus promoting love, respect and kindness among people.","og_url":"https:\/\/hasira.net\/sr\/","og_site_name":"HA&Scaron;IRA","article_modified_time":"2020-09-09T00:33:14+00:00","og_image":[{"width":1920,"height":1281,"url":"https:\/\/hasira.net\/wp-content\/uploads\/2020\/07\/Ha\u0161ira-Home-01.jpg","type":"image\/jpeg"}],"twitter_card":"summary_large_image","schema":{"@context":"https:\/\/schema.org","@graph":[{"@type":"WebPage","@id":"https:\/\/hasira.net\/","url":"https:\/\/hasira.net\/","name":"HA&Scaron;IRA - Novi Sad&rsquo;s Jewish Community Choir","isPartOf":{"@id":"https:\/\/hasira.net\/#website"},"primaryImageOfPage":{"@id":"https:\/\/hasira.net\/#primaryimage"},"image":{"@id":"https:\/\/hasira.net\/#primaryimage"},"thumbnailUrl":"https:\/\/hasira.net\/wp-content\/uploads\/2020\/07\/Ha\u0161ira-Home-01.jpg","datePublished":"2020-07-02T18:10:51+00:00","dateModified":"2020-09-09T00:33:14+00:00","description":"Hashira choir promotes Jewish spiritual and secular as well as other good choral music promoting love, respect and kindness among people.","breadcrumb":{"@id":"https:\/\/hasira.net\/#breadcrumb"},"inLanguage":"sr-RS","potentialAction":[{"@type":"ReadAction","target":["https:\/\/hasira.net\/"]}]},{"@type":"ImageObject","inLanguage":"sr-RS","@id":"https:\/\/hasira.net\/#primaryimage","url":"https:\/\/hasira.net\/wp-content\/uploads\/2020\/07\/Ha\u0161ira-Home-01.jpg","contentUrl":"https:\/\/hasira.net\/wp-content\/uploads\/2020\/07\/Ha\u0161ira-Home-01.jpg","width":1920,"height":1281},{"@type":"BreadcrumbList","@id":"https:\/\/hasira.net\/#breadcrumb","itemListElement":[{"@type":"ListItem","position":1,"name":"Home","item":"https:\/\/hasira.net\/"},{"@type":"ListItem","position":2,"name":"HASHIRA"}]},{"@type":"WebSite","@id":"https:\/\/hasira.net\/#website","url":"https:\/\/hasira.net\/","name":"HA&Scaron;IRA","description":"Novi Sad&rsquo;s Jewish Community Choir","publisher":{"@id":"https:\/\/hasira.net\/#organization"},"potentialAction":[{"@type":"SearchAction","target":{"@type":"EntryPoint","urlTemplate":"https:\/\/hasira.net\/?s={search_term_string}"},"query-input":{"@type":"PropertyValueSpecification","valueRequired":true,"valueName":"search_term_string"}}],"inLanguage":"sr-RS"},{"@type":"Organization","@id":"https:\/\/hasira.net\/#organization","name":"HASHIRA, Novi Sad\u2019s Jewish Community Choir","url":"https:\/\/hasira.net\/","logo":{"@type":"ImageObject","inLanguage":"sr-RS","@id":"https:\/\/hasira.net\/#\/schema\/logo\/image\/","url":"https:\/\/hasira.net\/wp-content\/uploads\/2020\/07\/HASHIRA-LOGO-A.png","contentUrl":"https:\/\/hasira.net\/wp-content\/uploads\/2020\/07\/HASHIRA-LOGO-A.png","width":332,"height":59,"caption":"HASHIRA, Novi Sad\u2019s Jewish Community Choir"},"image":{"@id":"https:\/\/hasira.net\/#\/schema\/logo\/image\/"}}]}},"_links":{"self":[{"href":"https:\/\/hasira.net\/sr\/wp-json\/wp\/v2\/pages\/847","targetHints":{"allow":["GET"]}}],"collection":[{"href":"https:\/\/hasira.net\/sr\/wp-json\/wp\/v2\/pages"}],"about":[{"href":"https:\/\/hasira.net\/sr\/wp-json\/wp\/v2\/types\/page"}],"author":[{"embeddable":true,"href":"https:\/\/hasira.net\/sr\/wp-json\/wp\/v2\/users\/1"}],"replies":[{"embeddable":true,"href":"https:\/\/hasira.net\/sr\/wp-json\/wp\/v2\/comments?post=847"}],"version-history":[{"count":8,"href":"https:\/\/hasira.net\/sr\/wp-json\/wp\/v2\/pages\/847\/revisions"}],"predecessor-version":[{"id":2376,"href":"https:\/\/hasira.net\/sr\/wp-json\/wp\/v2\/pages\/847\/revisions\/2376"}],"wp:featuredmedia":[{"embeddable":true,"href":"https:\/\/hasira.net\/sr\/wp-json\/wp\/v2\/media\/810"}],"wp:attachment":[{"href":"https:\/\/hasira.net\/sr\/wp-json\/wp\/v2\/media?parent=847"}],"curies":[{"name":"wp","href":"https:\/\/api.w.org\/{rel}","templated":true}]}}