{"id":1670,"date":"2020-07-19T20:59:26","date_gmt":"2020-07-19T18:59:26","guid":{"rendered":"http:\/\/hasira.net\/?page_id=1670"},"modified":"2022-08-11T18:01:01","modified_gmt":"2022-08-11T17:01:01","slug":"invite","status":"publish","type":"page","link":"https:\/\/hasira.net\/sr\/invite\/","title":{"rendered":"HASIRA POZOVITE NAS"},"content":{"rendered":"[vc_row full_width=&#8221;stretch_row_content&#8221; full_height=&#8221;yes&#8221; content_placement=&#8221;middle&#8221; parallax=&#8221;content-moving-fade&#8221; parallax_image=&#8221;1674&#8243; el_id=&#8221;about-us&#8221; dt_color=&#8221;#abdfd6&#8243; dt_color_opacity=&#8221;70&#8243; css=&#8221;.vc_custom_1596374245714{margin-top: -190px !important;}&#8221;][vc_column width=&#8221;1\/6&#8243;][\/vc_column][vc_column width=&#8221;2\/3&#8243; dt_animation=&#8221;wow zoomIn&#8221; dt_animation_delay=&#8221;1&#8243; css=&#8221;.vc_custom_1596374215439{margin-top: 75px !important;}&#8221;]<div class=\"title-center\"><div class=\"dt-title-wrapper section-title-big style-3\"><h4 class=\"section-tagline\">AKO NAS POZOVETE<\/h4><h2 class=\"section-title\">RADO \u0106EMO SE ODAZVATI<\/h2><\/div><\/div>[vc_raw_html]JTNDcCUyMGNsYXNzJTNEJTIybW9yYS1zdWJ0aXRsZSUyMGFsaWduY2VudGVyJTIyJTIwJTNFSG9yJTIwSGElQzUlQTFpcmElMjB2b2xpJTIwZGElMjAlQzUlQTF0byUyMCVDNCU4RGUlQzUlQTElQzQlODdlJTIwbmFzdHVwYSUyMHByZWQlMjBkb2JyaW0lMjBsanVkaW1hLiUzQyUyRnAlM0U=[\/vc_raw_html][\/vc_column][vc_column width=&#8221;1\/6&#8243;][\/vc_column][\/vc_row][vc_row gap=&#8221;30&#8243; css=&#8221;.vc_custom_1595282650444{margin-top: 50px !important;}&#8221;][vc_column width=&#8221;1\/6&#8243; dt_animation=&#8221;wow zoomIn&#8221; dt_animation_delay=&#8221;0.5&#8243;][\/vc_column][vc_column width=&#8221;4\/6&#8243;][vc_column_text css=&#8221;.vc_custom_1595203533135{margin-bottom: -5px !important;}&#8221;]\n<h2 class=\"section-tagline\" style=\"text-align: center;\"><span style=\"color: white; background-color: rgba(0,94,184,0.5);\">NISMO KOMPLIKOVANI.<\/span><\/h2>\n[\/vc_column_text]<div class=\"title-center\"><div class=\"dt-title-wrapper section-title-small style-3\"><h2 class=\"section-title\">POZOVITE NAS<\/h2><\/div><\/div>[vc_column_text css_animation=&#8221;none&#8221; css=&#8221;.vc_custom_1595868353978{margin-bottom: 75px !important;}&#8221;]\n<h3><\/h3>\n<h3 style=\"text-align: justify;\"><span style=\"font-size: 18pt; color: #999999;\"><strong>Rado \u0107emo se odazvati i pevati za Vas i Va\u0161u publiku na svakoj priredbi, doga\u0111aju ili okupljanju koje doprinosi ljubavi, po\u0161tovanju i dobroti me\u0111u ljudima kao i harmoniji sa prirodom u sebi i oko sebe.<\/strong><\/span><\/h3>\n[\/vc_column_text][vc_column_text css_animation=&#8221;none&#8221; css=&#8221;.vc_custom_1596197536122{padding-top: 50px !important;}&#8221;]<div class=\"eds-animate edsanimate-sis-hidden \" data-eds-entry-animation=\"fadeIn\" data-eds-entry-delay=\"\" data-eds-entry-duration=\"3\" data-eds-entry-timing=\"cubic-bezier(0.445, 0.05, 0.55, 0.95)\" data-eds-exit-animation=\"\" data-eds-exit-delay=\"\" data-eds-exit-duration=\"\" data-eds-exit-timing=\"\" data-eds-repeat-count=\"1\" data-eds-keep=\"yes\" data-eds-animate-on=\"scroll\" data-eds-scroll-offset=\"10\">\n<h3 style=\"text-align: right;\"><span style=\"color: white; background-color: rgba(0,94,184,0.5);\"><strong>\u00a0 Repertoar<\/strong><\/span><\/h3>\n<p style=\"text-align: justify;\"><span style=\"color: #999999;\">Hor Ha\u0161ira neguje jevrejsku duhovnu i svetovnu, kao i doma\u0107u i stranu, horsku muziku. Pevamo na hebrejskom, jidi\u0161u, ladino jeziku, na srpskom, latinskom, \u0161panskom, engleskom, italijanskom, baskijskom, a u na\u0161em repertoaru nema \u017eanrovskih i vremenskih ograni\u010denja. Repertoar mo\u017eemo prilagoditi prilici i potrebama doma\u0107ina prema prethodnom dogovoru.<\/span><\/p>\n<p>&nbsp;<\/p>\n<p>&nbsp;<\/p>\n<h3 style=\"text-align: right;\"><strong><span style=\"color: white; background-color: rgba(0,94,184,0.5);\">\u00a0 Sastav hora<\/span> <\/strong><\/h3>\n<p style=\"text-align: justify;\"><span style=\"color: #999999;\">Hor nastupa sa 25 do 35 peva\u010da, zavisno od prilike, termina, lokacije, raspolo\u017eivosti peva\u010da kao i dogovora sa doma\u0107inom.<\/span><\/p>\n<p>&nbsp;<\/p>\n<p>&nbsp;<\/p>\n<h3 style=\"text-align: right;\"><span style=\"color: white; background-color: rgba(0,94,184,0.5);\"><strong>\u00a0 Tehni\u010dki zahtevi<\/strong><\/span><\/h3>\n<p style=\"text-align: justify;\"><span style=\"color: #999999;\">Za nastup nam je potreban klavir ili elektri\u010dni klavir sa ozvu\u010denjem kao i praktikabli na tri nivoa i prostor prihvatljive akustike. U pojedinim prilikama (otvoreni prostor ili izrazito velika dvorana) je potrebno ozvu\u010diti ceo hor.<\/span><\/p>\n<h3 style=\"text-align: justify;\"><\/h3>\n<p>&nbsp;<\/p>\n<p>&nbsp;<\/p>\n<h3 style=\"text-align: right;\"><span style=\"color: white; background-color: rgba(0,94,184,0.5);\"><strong>\u00a0 Logistika<\/strong><\/span><\/h3>\n<p style=\"text-align: justify;\"><span style=\"color: #999999;\">Osim za nastupe u Novom Sadu gde mo\u017eemo da do\u0111emo sopstvenim prevozom, za sve druge destinacije nam je potreban autobuski ili avionski prevoz. Za nastupe u mestima udaljenim vi\u0161e od 200 km od Novog Sada potrebno nam je preno\u0107i\u0161te, ishrana kao i mini dnevnice. Isto va\u017ei i za gostovanja u inostranstvu.<br \/>\n<\/span><\/p>\n<p>&nbsp;<\/p>\n<p>&nbsp;<\/p>\n<p>&nbsp;<\/p>\n<h3 style=\"text-align: right;\"><span style=\"color: white; background-color: rgba(0,94,184,0.5);\"><strong>\u00a0 Cena nastupa<\/strong><\/span><\/h3>\n<p style=\"text-align: justify;\"><span style=\"color: #999999;\">Nastupi hora Ha\u0161ira na komemoracijama, verskim okupljanjima, dobrotvornim doga\u0111ajima kao i na doga\u0111ajima od javnog interesa su besplatni. Cena komercijalnog nastupa je primerena i formira se u dogovoru sa naru\u010diocem. Honorar za nastup upla\u0107uje se na \u017eiro ra\u010dun Jevrejske op\u0161tine Novi Sad i koristi se za tehni\u010dke potrebe hora, potrebe Jevrejske op\u0161tine kao i u dobrotvorne svrhe.<\/span><\/p>\n<p>&nbsp;<\/p>\n<p>&nbsp;<\/p>\n<h3 style=\"text-align: right;\"><span style=\"color: white; background-color: rgba(0,94,184,0.5);\"><strong>\u00a0 Raspolo\u017eivost<br \/>\n<\/strong><\/span><\/h3>\n<p style=\"text-align: justify;\"><span style=\"color: #999999;\">Hor Ha\u0161ira je sastavljen od peva\u010dica i peva\u010da koji su u svakodnevnom \u017eivotu zaposleni ljudi, majke, o\u010devi, k\u0107eri, sinovi, bake, deke i jo\u0161 sva\u0161ta drugo. Iako smo uvek sre\u0107ni kad nam se pru\u017ei prilika da podelimo radost pevanja sa svojom publikom, postoji mogu\u0107nost da zbog razli\u010ditih obaveza \u010dlanova to nekih datuma ne bude mogu\u0107e. Zbog ovoga molimo da nam, se za dogovore u vezi planiranja na\u0161ih nastupa javite \u0161to je mogu\u0107e ranije od datuma planiranog za nastup.<\/span><\/p>\n<\/div>[\/vc_column_text][\/vc_column][vc_column width=&#8221;1\/6&#8243;][\/vc_column][\/vc_row][vc_row][vc_column width=&#8221;1\/6&#8243;][\/vc_column][vc_column width=&#8221;4\/6&#8243;][vc_btn title=&#8221;KONTAKT&#8221; color=&#8221;sky&#8221; size=&#8221;lg&#8221; align=&#8221;center&#8221; css_animation=&#8221;fadeIn&#8221; link=&#8221;url:http%3A%2F%2Fhasira.net%2Fcontact%2F|title:KONTAKT||&#8221; el_class=&#8221;delay&#8221;][vc_empty_space height=&#8221;25px&#8221;][vc_separator border_width=&#8221;2&#8243; el_width=&#8221;30&#8243;][vc_empty_space height=&#8221;100px&#8221;][\/vc_column][vc_column width=&#8221;1\/6&#8243;][\/vc_column][\/vc_row][vc_row full_width=&#8221;stretch_row&#8221; parallax=&#8221;content-moving&#8221; parallax_image=&#8221;1687&#8243; dt_text_scheme=&#8221;darker-overlay&#8221; css=&#8221;.vc_custom_1595202773146{margin-bottom: 50px !important;padding-top: 120px !important;padding-bottom: 120px !important;}&#8221; dt_color=&#8221;#000000&#8243; dt_color_opacity=&#8221;40&#8243;][vc_column width=&#8221;2\/12&#8243;][\/vc_column][vc_column width=&#8221;8\/12&#8243; dt_animation=&#8221;wow zoomIn&#8221; css=&#8221;.vc_custom_1595176890126{background-color: rgba(0,94,184,0.33) !important;*background-color: rgb(0,94,184) !important;}&#8221;]<div class=\"title-center\"><div class=\"dt-title-wrapper section-title-small style-3\"><h4 class=\"section-tagline\">Omladinski hor Adi (Izrael) + Hor Bra\u0107a Baruh (Beograd) + Hor Ha\u0161ira<br \/>\nROSSI FEST, Beograd 2018.<\/h4><h2 class=\"section-title\">KONCERT HOROVA: Kol ha'olam kulo<\/h2><\/div><\/div>[vc_empty_space 0=&#8221;&#8221;][vc_raw_html 0=&#8221;&#8221;]JTNDZGl2JTIwY2xhc3MlM0QlMjJkdC1wbGF5LXZpZGVvJTIyJTNFJTBBJTIwJTIwJTIwJTIwJTNDYSUyMGNsYXNzJTNEJTIyaWZyYW1lLXZpZGVvJTIwbWZwLWlmcmFtZSUyMiUyMGhyZWYlM0QlMjJodHRwcyUzQSUyRiUyRnd3dy55b3V0dWJlLmNvbSUyRndhdGNoJTNGdiUzRDBoZ0E2andXTktJJTIyJTNFJTNDaSUyMGNsYXNzJTNEJTIyZmElMjBmYS1wbGF5JTIyJTNFJTNDJTJGaSUzRSUzQyUyRmElM0UlMEElMjAlMjAlMjAlMjAlM0NhJTIwY2xhc3MlM0QlMjJpZnJhbWUtdmlkZW8lMjBtZnAtaWZyYW1lJTIyJTIwaHJlZiUzRCUyMmh0dHBzJTNBJTJGJTJGd3d3LnlvdXR1YmUuY29tJTJGd2F0Y2glM0Z2JTNEMGhnQTZqd1dOS0klMjIlM0VQb2tyZW5pJTIwdmlkZW8lM0MlMkZhJTNFJTBBJTNDJTJGZGl2JTNFJTBB[\/vc_raw_html][\/vc_column][vc_column width=&#8221;2\/12&#8243;][\/vc_column][\/vc_row]\n","protected":false},"excerpt":{"rendered":"<p>[vc_row full_width=&#8221;stretch_row_content&#8221; full_height=&#8221;yes&#8221; content_placement=&#8221;middle&#8221; parallax=&#8221;content-moving-fade&#8221; parallax_image=&#8221;1674&#8243; el_id=&#8221;about-us&#8221; dt_color=&#8221;#abdfd6&#8243; dt_color_opacity=&#8221;70&#8243; css=&#8221;.vc_custom_1596374245714{margin-top: -190px !important;}&#8221;][vc_column width=&#8221;1\/6&#8243;][\/vc_column][vc_column width=&#8221;2\/3&#8243; dt_animation=&#8221;wow zoomIn&#8221; dt_animation_delay=&#8221;1&#8243; css=&#8221;.vc_custom_1596374215439{margin-top:&#8230; <a class=\"excerpt-read-more\" href=\"https:\/\/hasira.net\/sr\/invite\/\"><span>Read More<\/span><\/a><\/p>\n","protected":false},"author":1,"featured_media":749,"parent":0,"menu_order":0,"comment_status":"closed","ping_status":"closed","template":"","meta":{"_acf_changed":false,"footnotes":""},"class_list":["post-1670","page","type-page","status-publish","has-post-thumbnail","hentry"],"acf":[],"yoast_head":"<!-- This site is optimized with the Yoast SEO plugin v26.8 - https:\/\/yoast.com\/product\/yoast-seo-wordpress\/ -->\n<title>HA\u0160IRA - Dom jevrejske horske duhovne i svetovne muzike<\/title>\n<meta name=\"description\" content=\"Re\u010d &#039;ha\u0161ira&#039; - \u05d4\u05e9\u05d9\u05e8\u05d4 - zna\u010di pesma i poezija. Hor Ha\u0161ira neguje prvenstveno jevrejsku duhovnu i svetovnu muziku, ali peva i svaku drugu dobru horsku pesmu. Mi volimo da sudelujemo na svakoj priredbi, okupljanju ili doga\u0111anju koje doprinosi ljubavi, po\u0161tovanju i dobroti me\u0111u ljudima i skladu sa prirodom u sebi i oko sebe.\" \/>\n<meta name=\"robots\" content=\"index, follow, max-snippet:-1, max-image-preview:large, max-video-preview:-1\" \/>\n<link rel=\"canonical\" href=\"https:\/\/hasira.net\/sr\/invite\/\" \/>\n<meta property=\"og:locale\" content=\"sr_RS\" \/>\n<meta property=\"og:locale:alternate\" content=\"en_UK\" \/>\n<meta property=\"og:type\" content=\"article\" \/>\n<meta property=\"og:title\" content=\"HA\u0160IRA - Dom jevrejske horske duhovne i svetovne muzike\" \/>\n<meta property=\"og:description\" content=\"Re\u010d &#039;ha\u0161ira&#039; - \u05d4\u05e9\u05d9\u05e8\u05d4 - zna\u010di pesma i poezija. Hor Ha\u0161ira neguje prvenstveno jevrejsku duhovnu i svetovnu muziku, ali peva i svaku drugu dobru horsku pesmu. Mi volimo da sudelujemo na svakoj priredbi, okupljanju ili doga\u0111anju koje doprinosi ljubavi, po\u0161tovanju i dobroti me\u0111u ljudima i skladu sa prirodom u sebi i oko sebe.\" \/>\n<meta property=\"og:url\" content=\"https:\/\/hasira.net\/sr\/invite\/\" \/>\n<meta property=\"og:site_name\" content=\"HA&Scaron;IRA\" \/>\n<meta property=\"article:modified_time\" content=\"2022-08-11T17:01:01+00:00\" \/>\n<meta property=\"og:image\" content=\"https:\/\/hasira.net\/wp-content\/uploads\/2020\/07\/Hasira_Riva-del-Garda_Sanktus.jpg\" \/>\n\t<meta property=\"og:image:width\" content=\"1920\" \/>\n\t<meta property=\"og:image:height\" content=\"1440\" \/>\n\t<meta property=\"og:image:type\" content=\"image\/jpeg\" \/>\n<meta name=\"twitter:card\" content=\"summary_large_image\" \/>\n<meta name=\"twitter:label1\" content=\"\u041f\u0440\u043e\u0446\u0435\u045a\u0435\u043d\u043e \u0432\u0440\u0435\u043c\u0435 \u0447\u0438\u0442\u0430\u045a\u0430\" \/>\n\t<meta name=\"twitter:data1\" content=\"3 \u043c\u0438\u043d\u0443\u0442\u0430\" \/>\n<script type=\"application\/ld+json\" class=\"yoast-schema-graph\">{\"@context\":\"https:\/\/schema.org\",\"@graph\":[{\"@type\":\"WebPage\",\"@id\":\"https:\/\/hasira.net\/sr\/invite\/\",\"url\":\"https:\/\/hasira.net\/sr\/invite\/\",\"name\":\"HA\u0160IRA - Dom jevrejske horske duhovne i svetovne muzike\",\"isPartOf\":{\"@id\":\"https:\/\/hasira.net\/#website\"},\"primaryImageOfPage\":{\"@id\":\"https:\/\/hasira.net\/sr\/invite\/#primaryimage\"},\"image\":{\"@id\":\"https:\/\/hasira.net\/sr\/invite\/#primaryimage\"},\"thumbnailUrl\":\"https:\/\/hasira.net\/wp-content\/uploads\/2020\/07\/Hasira_Riva-del-Garda_Sanktus.jpg\",\"datePublished\":\"2020-07-19T18:59:26+00:00\",\"dateModified\":\"2022-08-11T17:01:01+00:00\",\"description\":\"Re\u010d 'ha\u0161ira' - \u05d4\u05e9\u05d9\u05e8\u05d4 - zna\u010di pesma i poezija. Hor Ha\u0161ira neguje prvenstveno jevrejsku duhovnu i svetovnu muziku, ali peva i svaku drugu dobru horsku pesmu. Mi volimo da sudelujemo na svakoj priredbi, okupljanju ili doga\u0111anju koje doprinosi ljubavi, po\u0161tovanju i dobroti me\u0111u ljudima i skladu sa prirodom u sebi i oko sebe.\",\"breadcrumb\":{\"@id\":\"https:\/\/hasira.net\/sr\/invite\/#breadcrumb\"},\"inLanguage\":\"sr-RS\",\"potentialAction\":[{\"@type\":\"ReadAction\",\"target\":[\"https:\/\/hasira.net\/sr\/invite\/\"]}]},{\"@type\":\"ImageObject\",\"inLanguage\":\"sr-RS\",\"@id\":\"https:\/\/hasira.net\/sr\/invite\/#primaryimage\",\"url\":\"https:\/\/hasira.net\/wp-content\/uploads\/2020\/07\/Hasira_Riva-del-Garda_Sanktus.jpg\",\"contentUrl\":\"https:\/\/hasira.net\/wp-content\/uploads\/2020\/07\/Hasira_Riva-del-Garda_Sanktus.jpg\",\"width\":1920,\"height\":1440},{\"@type\":\"BreadcrumbList\",\"@id\":\"https:\/\/hasira.net\/sr\/invite\/#breadcrumb\",\"itemListElement\":[{\"@type\":\"ListItem\",\"position\":1,\"name\":\"Home\",\"item\":\"https:\/\/hasira.net\/\"},{\"@type\":\"ListItem\",\"position\":2,\"name\":\"HASIRA POZOVITE NAS\"}]},{\"@type\":\"WebSite\",\"@id\":\"https:\/\/hasira.net\/#website\",\"url\":\"https:\/\/hasira.net\/\",\"name\":\"HA&Scaron;IRA\",\"description\":\"Novi Sad&rsquo;s Jewish Community Choir\",\"publisher\":{\"@id\":\"https:\/\/hasira.net\/#organization\"},\"potentialAction\":[{\"@type\":\"SearchAction\",\"target\":{\"@type\":\"EntryPoint\",\"urlTemplate\":\"https:\/\/hasira.net\/?s={search_term_string}\"},\"query-input\":{\"@type\":\"PropertyValueSpecification\",\"valueRequired\":true,\"valueName\":\"search_term_string\"}}],\"inLanguage\":\"sr-RS\"},{\"@type\":\"Organization\",\"@id\":\"https:\/\/hasira.net\/#organization\",\"name\":\"HASHIRA, Novi Sad\u2019s Jewish Community Choir\",\"url\":\"https:\/\/hasira.net\/\",\"logo\":{\"@type\":\"ImageObject\",\"inLanguage\":\"sr-RS\",\"@id\":\"https:\/\/hasira.net\/#\/schema\/logo\/image\/\",\"url\":\"https:\/\/hasira.net\/wp-content\/uploads\/2020\/07\/HASHIRA-LOGO-A.png\",\"contentUrl\":\"https:\/\/hasira.net\/wp-content\/uploads\/2020\/07\/HASHIRA-LOGO-A.png\",\"width\":332,\"height\":59,\"caption\":\"HASHIRA, Novi Sad\u2019s Jewish Community Choir\"},\"image\":{\"@id\":\"https:\/\/hasira.net\/#\/schema\/logo\/image\/\"}}]}<\/script>\n<!-- \/ Yoast SEO plugin. -->","yoast_head_json":{"title":"HA\u0160IRA - Dom jevrejske horske duhovne i svetovne muzike","description":"Re\u010d 'ha\u0161ira' - \u05d4\u05e9\u05d9\u05e8\u05d4 - zna\u010di pesma i poezija. Hor Ha\u0161ira neguje prvenstveno jevrejsku duhovnu i svetovnu muziku, ali peva i svaku drugu dobru horsku pesmu. Mi volimo da sudelujemo na svakoj priredbi, okupljanju ili doga\u0111anju koje doprinosi ljubavi, po\u0161tovanju i dobroti me\u0111u ljudima i skladu sa prirodom u sebi i oko sebe.","robots":{"index":"index","follow":"follow","max-snippet":"max-snippet:-1","max-image-preview":"max-image-preview:large","max-video-preview":"max-video-preview:-1"},"canonical":"https:\/\/hasira.net\/sr\/invite\/","og_locale":"sr_RS","og_type":"article","og_title":"HA\u0160IRA - Dom jevrejske horske duhovne i svetovne muzike","og_description":"Re\u010d 'ha\u0161ira' - \u05d4\u05e9\u05d9\u05e8\u05d4 - zna\u010di pesma i poezija. Hor Ha\u0161ira neguje prvenstveno jevrejsku duhovnu i svetovnu muziku, ali peva i svaku drugu dobru horsku pesmu. Mi volimo da sudelujemo na svakoj priredbi, okupljanju ili doga\u0111anju koje doprinosi ljubavi, po\u0161tovanju i dobroti me\u0111u ljudima i skladu sa prirodom u sebi i oko sebe.","og_url":"https:\/\/hasira.net\/sr\/invite\/","og_site_name":"HA&Scaron;IRA","article_modified_time":"2022-08-11T17:01:01+00:00","og_image":[{"width":1920,"height":1440,"url":"https:\/\/hasira.net\/wp-content\/uploads\/2020\/07\/Hasira_Riva-del-Garda_Sanktus.jpg","type":"image\/jpeg"}],"twitter_card":"summary_large_image","twitter_misc":{"\u041f\u0440\u043e\u0446\u0435\u045a\u0435\u043d\u043e \u0432\u0440\u0435\u043c\u0435 \u0447\u0438\u0442\u0430\u045a\u0430":"3 \u043c\u0438\u043d\u0443\u0442\u0430"},"schema":{"@context":"https:\/\/schema.org","@graph":[{"@type":"WebPage","@id":"https:\/\/hasira.net\/sr\/invite\/","url":"https:\/\/hasira.net\/sr\/invite\/","name":"HA\u0160IRA - Dom jevrejske horske duhovne i svetovne muzike","isPartOf":{"@id":"https:\/\/hasira.net\/#website"},"primaryImageOfPage":{"@id":"https:\/\/hasira.net\/sr\/invite\/#primaryimage"},"image":{"@id":"https:\/\/hasira.net\/sr\/invite\/#primaryimage"},"thumbnailUrl":"https:\/\/hasira.net\/wp-content\/uploads\/2020\/07\/Hasira_Riva-del-Garda_Sanktus.jpg","datePublished":"2020-07-19T18:59:26+00:00","dateModified":"2022-08-11T17:01:01+00:00","description":"Re\u010d 'ha\u0161ira' - \u05d4\u05e9\u05d9\u05e8\u05d4 - zna\u010di pesma i poezija. Hor Ha\u0161ira neguje prvenstveno jevrejsku duhovnu i svetovnu muziku, ali peva i svaku drugu dobru horsku pesmu. Mi volimo da sudelujemo na svakoj priredbi, okupljanju ili doga\u0111anju koje doprinosi ljubavi, po\u0161tovanju i dobroti me\u0111u ljudima i skladu sa prirodom u sebi i oko sebe.","breadcrumb":{"@id":"https:\/\/hasira.net\/sr\/invite\/#breadcrumb"},"inLanguage":"sr-RS","potentialAction":[{"@type":"ReadAction","target":["https:\/\/hasira.net\/sr\/invite\/"]}]},{"@type":"ImageObject","inLanguage":"sr-RS","@id":"https:\/\/hasira.net\/sr\/invite\/#primaryimage","url":"https:\/\/hasira.net\/wp-content\/uploads\/2020\/07\/Hasira_Riva-del-Garda_Sanktus.jpg","contentUrl":"https:\/\/hasira.net\/wp-content\/uploads\/2020\/07\/Hasira_Riva-del-Garda_Sanktus.jpg","width":1920,"height":1440},{"@type":"BreadcrumbList","@id":"https:\/\/hasira.net\/sr\/invite\/#breadcrumb","itemListElement":[{"@type":"ListItem","position":1,"name":"Home","item":"https:\/\/hasira.net\/"},{"@type":"ListItem","position":2,"name":"HASIRA POZOVITE NAS"}]},{"@type":"WebSite","@id":"https:\/\/hasira.net\/#website","url":"https:\/\/hasira.net\/","name":"HA&Scaron;IRA","description":"Novi Sad&rsquo;s Jewish Community Choir","publisher":{"@id":"https:\/\/hasira.net\/#organization"},"potentialAction":[{"@type":"SearchAction","target":{"@type":"EntryPoint","urlTemplate":"https:\/\/hasira.net\/?s={search_term_string}"},"query-input":{"@type":"PropertyValueSpecification","valueRequired":true,"valueName":"search_term_string"}}],"inLanguage":"sr-RS"},{"@type":"Organization","@id":"https:\/\/hasira.net\/#organization","name":"HASHIRA, Novi Sad\u2019s Jewish Community Choir","url":"https:\/\/hasira.net\/","logo":{"@type":"ImageObject","inLanguage":"sr-RS","@id":"https:\/\/hasira.net\/#\/schema\/logo\/image\/","url":"https:\/\/hasira.net\/wp-content\/uploads\/2020\/07\/HASHIRA-LOGO-A.png","contentUrl":"https:\/\/hasira.net\/wp-content\/uploads\/2020\/07\/HASHIRA-LOGO-A.png","width":332,"height":59,"caption":"HASHIRA, Novi Sad\u2019s Jewish Community Choir"},"image":{"@id":"https:\/\/hasira.net\/#\/schema\/logo\/image\/"}}]}},"_links":{"self":[{"href":"https:\/\/hasira.net\/sr\/wp-json\/wp\/v2\/pages\/1670","targetHints":{"allow":["GET"]}}],"collection":[{"href":"https:\/\/hasira.net\/sr\/wp-json\/wp\/v2\/pages"}],"about":[{"href":"https:\/\/hasira.net\/sr\/wp-json\/wp\/v2\/types\/page"}],"author":[{"embeddable":true,"href":"https:\/\/hasira.net\/sr\/wp-json\/wp\/v2\/users\/1"}],"replies":[{"embeddable":true,"href":"https:\/\/hasira.net\/sr\/wp-json\/wp\/v2\/comments?post=1670"}],"version-history":[{"count":10,"href":"https:\/\/hasira.net\/sr\/wp-json\/wp\/v2\/pages\/1670\/revisions"}],"predecessor-version":[{"id":2422,"href":"https:\/\/hasira.net\/sr\/wp-json\/wp\/v2\/pages\/1670\/revisions\/2422"}],"wp:featuredmedia":[{"embeddable":true,"href":"https:\/\/hasira.net\/sr\/wp-json\/wp\/v2\/media\/749"}],"wp:attachment":[{"href":"https:\/\/hasira.net\/sr\/wp-json\/wp\/v2\/media?parent=1670"}],"curies":[{"name":"wp","href":"https:\/\/api.w.org\/{rel}","templated":true}]}}