{"id":1561,"date":"2020-07-17T23:27:55","date_gmt":"2020-07-17T21:27:55","guid":{"rendered":"http:\/\/hasira.net\/?page_id=1561"},"modified":"2020-08-02T00:30:05","modified_gmt":"2020-08-01T22:30:05","slug":"video","status":"publish","type":"page","link":"https:\/\/hasira.net\/sr\/video\/","title":{"rendered":"HASIRA VIDEO"},"content":{"rendered":"[vc_row full_width=&#8221;stretch_row_content_no_spaces&#8221; full_height=&#8221;yes&#8221; columns_placement=&#8221;stretch&#8221; content_placement=&#8221;middle&#8221; css=&#8221;.vc_custom_1595030965940{margin-top: -90px !important;}&#8221;][vc_column][rev_slider_vc alias=&#8221;hasira-home-1&#8243;][\/vc_column][\/vc_row]\n","protected":false},"excerpt":{"rendered":"<p>[vc_row full_width=&#8221;stretch_row_content_no_spaces&#8221; full_height=&#8221;yes&#8221; columns_placement=&#8221;stretch&#8221; content_placement=&#8221;middle&#8221; css=&#8221;.vc_custom_1595030965940{margin-top: -90px !important;}&#8221;][vc_column][rev_slider_vc alias=&#8221;hasira-home-1&#8243;][\/vc_column][\/vc_row]<\/p>\n","protected":false},"author":1,"featured_media":1595,"parent":0,"menu_order":0,"comment_status":"closed","ping_status":"closed","template":"template-homepage.php","meta":{"_acf_changed":false,"footnotes":""},"class_list":["post-1561","page","type-page","status-publish","has-post-thumbnail","hentry"],"acf":[],"yoast_head":"<!-- This site is optimized with the Yoast SEO plugin v26.8 - https:\/\/yoast.com\/product\/yoast-seo-wordpress\/ -->\n<title>HASHIRA - Home of Jewish spiritual and secular music<\/title>\n<meta name=\"description\" content=\"Re\u010d &#039;ha\u0161ira&#039; - \u05d4\u05e9\u05d9\u05e8\u05d4 - zna\u010di pesma i poezija. Hor Ha\u0161ira neguje prvenstveno jevrejsku duhovnu i svetovnu muziku, ali peva i svaku drugu dobru horsku pesmu. Mi volimo da sudelujemo na svakoj priredbi, okupljanju ili doga\u0111anju koje doprinosi ljubavi, po\u0161tovanju i dobroti me\u0111u ljudima i skladu sa prirodom u sebi i oko sebe.\" \/>\n<meta name=\"robots\" content=\"index, follow, max-snippet:-1, max-image-preview:large, max-video-preview:-1\" \/>\n<link rel=\"canonical\" href=\"https:\/\/hasira.net\/sr\/video\/\" \/>\n<meta property=\"og:locale\" content=\"sr_RS\" \/>\n<meta property=\"og:locale:alternate\" content=\"en_UK\" \/>\n<meta property=\"og:type\" content=\"article\" \/>\n<meta property=\"og:title\" content=\"HASHIRA - Home of Jewish spiritual and secular music\" \/>\n<meta property=\"og:description\" content=\"Word &#039;hashira&#039; - \u05d4\u05e9\u05d9\u05e8\u05d4 - means singing and poetry. Hashira choir nurtures primarily Jewish spiritual and secular music but also performs every other good choral music. Hashira likes to sing at every event, gathering or occasion that contributes to love, respect and kindness among people and harmony with nature in and around us.\" \/>\n<meta property=\"og:url\" content=\"https:\/\/hasira.net\/sr\/video\/\" \/>\n<meta property=\"og:site_name\" content=\"HA&Scaron;IRA\" \/>\n<meta property=\"article:modified_time\" content=\"2020-08-01T22:30:05+00:00\" \/>\n<meta property=\"og:image\" content=\"https:\/\/hasira.net\/wp-content\/uploads\/2020\/07\/Hashira-sinagogue-sing-01.jpg\" \/>\n\t<meta property=\"og:image:width\" content=\"823\" \/>\n\t<meta property=\"og:image:height\" content=\"537\" \/>\n\t<meta property=\"og:image:type\" content=\"image\/jpeg\" \/>\n<meta name=\"twitter:card\" content=\"summary_large_image\" \/>\n<script type=\"application\/ld+json\" class=\"yoast-schema-graph\">{\"@context\":\"https:\/\/schema.org\",\"@graph\":[{\"@type\":\"WebPage\",\"@id\":\"https:\/\/hasira.net\/video\/\",\"url\":\"https:\/\/hasira.net\/video\/\",\"name\":\"HASHIRA - Home of Jewish spiritual and secular music\",\"isPartOf\":{\"@id\":\"https:\/\/hasira.net\/#website\"},\"primaryImageOfPage\":{\"@id\":\"https:\/\/hasira.net\/video\/#primaryimage\"},\"image\":{\"@id\":\"https:\/\/hasira.net\/video\/#primaryimage\"},\"thumbnailUrl\":\"https:\/\/hasira.net\/wp-content\/uploads\/2020\/07\/Hashira-sinagogue-sing-01.jpg\",\"datePublished\":\"2020-07-17T21:27:55+00:00\",\"dateModified\":\"2020-08-01T22:30:05+00:00\",\"description\":\"Word 'hashira' - \u05d4\u05e9\u05d9\u05e8\u05d4 - means singing and poetry. Hashira choir nurtures primarily Jewish spiritual and secular music but also performs every other good choral music. Hashira likes to sing at every event, gathering or occasion that contributes to love, respect and kindness among people and harmony with nature in and around us.\",\"breadcrumb\":{\"@id\":\"https:\/\/hasira.net\/video\/#breadcrumb\"},\"inLanguage\":\"sr-RS\",\"potentialAction\":[{\"@type\":\"ReadAction\",\"target\":[\"https:\/\/hasira.net\/video\/\"]}]},{\"@type\":\"ImageObject\",\"inLanguage\":\"sr-RS\",\"@id\":\"https:\/\/hasira.net\/video\/#primaryimage\",\"url\":\"https:\/\/hasira.net\/wp-content\/uploads\/2020\/07\/Hashira-sinagogue-sing-01.jpg\",\"contentUrl\":\"https:\/\/hasira.net\/wp-content\/uploads\/2020\/07\/Hashira-sinagogue-sing-01.jpg\",\"width\":823,\"height\":537},{\"@type\":\"BreadcrumbList\",\"@id\":\"https:\/\/hasira.net\/video\/#breadcrumb\",\"itemListElement\":[{\"@type\":\"ListItem\",\"position\":1,\"name\":\"Home\",\"item\":\"https:\/\/hasira.net\/\"},{\"@type\":\"ListItem\",\"position\":2,\"name\":\"HASIRA VIDEO\"}]},{\"@type\":\"WebSite\",\"@id\":\"https:\/\/hasira.net\/#website\",\"url\":\"https:\/\/hasira.net\/\",\"name\":\"HA&Scaron;IRA\",\"description\":\"Novi Sad&rsquo;s Jewish Community Choir\",\"publisher\":{\"@id\":\"https:\/\/hasira.net\/#organization\"},\"potentialAction\":[{\"@type\":\"SearchAction\",\"target\":{\"@type\":\"EntryPoint\",\"urlTemplate\":\"https:\/\/hasira.net\/?s={search_term_string}\"},\"query-input\":{\"@type\":\"PropertyValueSpecification\",\"valueRequired\":true,\"valueName\":\"search_term_string\"}}],\"inLanguage\":\"sr-RS\"},{\"@type\":\"Organization\",\"@id\":\"https:\/\/hasira.net\/#organization\",\"name\":\"HASHIRA, Novi Sad\u2019s Jewish Community Choir\",\"url\":\"https:\/\/hasira.net\/\",\"logo\":{\"@type\":\"ImageObject\",\"inLanguage\":\"sr-RS\",\"@id\":\"https:\/\/hasira.net\/#\/schema\/logo\/image\/\",\"url\":\"https:\/\/hasira.net\/wp-content\/uploads\/2020\/07\/HASHIRA-LOGO-A.png\",\"contentUrl\":\"https:\/\/hasira.net\/wp-content\/uploads\/2020\/07\/HASHIRA-LOGO-A.png\",\"width\":332,\"height\":59,\"caption\":\"HASHIRA, Novi Sad\u2019s Jewish Community Choir\"},\"image\":{\"@id\":\"https:\/\/hasira.net\/#\/schema\/logo\/image\/\"}}]}<\/script>\n<!-- \/ Yoast SEO plugin. -->","yoast_head_json":{"title":"HASHIRA - Home of Jewish spiritual and secular music","description":"Re\u010d 'ha\u0161ira' - \u05d4\u05e9\u05d9\u05e8\u05d4 - zna\u010di pesma i poezija. Hor Ha\u0161ira neguje prvenstveno jevrejsku duhovnu i svetovnu muziku, ali peva i svaku drugu dobru horsku pesmu. Mi volimo da sudelujemo na svakoj priredbi, okupljanju ili doga\u0111anju koje doprinosi ljubavi, po\u0161tovanju i dobroti me\u0111u ljudima i skladu sa prirodom u sebi i oko sebe.","robots":{"index":"index","follow":"follow","max-snippet":"max-snippet:-1","max-image-preview":"max-image-preview:large","max-video-preview":"max-video-preview:-1"},"canonical":"https:\/\/hasira.net\/sr\/video\/","og_locale":"sr_RS","og_type":"article","og_title":"HASHIRA - Home of Jewish spiritual and secular music","og_description":"Word 'hashira' - \u05d4\u05e9\u05d9\u05e8\u05d4 - means singing and poetry. Hashira choir nurtures primarily Jewish spiritual and secular music but also performs every other good choral music. Hashira likes to sing at every event, gathering or occasion that contributes to love, respect and kindness among people and harmony with nature in and around us.","og_url":"https:\/\/hasira.net\/sr\/video\/","og_site_name":"HA&Scaron;IRA","article_modified_time":"2020-08-01T22:30:05+00:00","og_image":[{"width":823,"height":537,"url":"https:\/\/hasira.net\/wp-content\/uploads\/2020\/07\/Hashira-sinagogue-sing-01.jpg","type":"image\/jpeg"}],"twitter_card":"summary_large_image","schema":{"@context":"https:\/\/schema.org","@graph":[{"@type":"WebPage","@id":"https:\/\/hasira.net\/video\/","url":"https:\/\/hasira.net\/video\/","name":"HASHIRA - Home of Jewish spiritual and secular music","isPartOf":{"@id":"https:\/\/hasira.net\/#website"},"primaryImageOfPage":{"@id":"https:\/\/hasira.net\/video\/#primaryimage"},"image":{"@id":"https:\/\/hasira.net\/video\/#primaryimage"},"thumbnailUrl":"https:\/\/hasira.net\/wp-content\/uploads\/2020\/07\/Hashira-sinagogue-sing-01.jpg","datePublished":"2020-07-17T21:27:55+00:00","dateModified":"2020-08-01T22:30:05+00:00","description":"Word 'hashira' - \u05d4\u05e9\u05d9\u05e8\u05d4 - means singing and poetry. Hashira choir nurtures primarily Jewish spiritual and secular music but also performs every other good choral music. Hashira likes to sing at every event, gathering or occasion that contributes to love, respect and kindness among people and harmony with nature in and around us.","breadcrumb":{"@id":"https:\/\/hasira.net\/video\/#breadcrumb"},"inLanguage":"sr-RS","potentialAction":[{"@type":"ReadAction","target":["https:\/\/hasira.net\/video\/"]}]},{"@type":"ImageObject","inLanguage":"sr-RS","@id":"https:\/\/hasira.net\/video\/#primaryimage","url":"https:\/\/hasira.net\/wp-content\/uploads\/2020\/07\/Hashira-sinagogue-sing-01.jpg","contentUrl":"https:\/\/hasira.net\/wp-content\/uploads\/2020\/07\/Hashira-sinagogue-sing-01.jpg","width":823,"height":537},{"@type":"BreadcrumbList","@id":"https:\/\/hasira.net\/video\/#breadcrumb","itemListElement":[{"@type":"ListItem","position":1,"name":"Home","item":"https:\/\/hasira.net\/"},{"@type":"ListItem","position":2,"name":"HASIRA VIDEO"}]},{"@type":"WebSite","@id":"https:\/\/hasira.net\/#website","url":"https:\/\/hasira.net\/","name":"HA&Scaron;IRA","description":"Novi Sad&rsquo;s Jewish Community Choir","publisher":{"@id":"https:\/\/hasira.net\/#organization"},"potentialAction":[{"@type":"SearchAction","target":{"@type":"EntryPoint","urlTemplate":"https:\/\/hasira.net\/?s={search_term_string}"},"query-input":{"@type":"PropertyValueSpecification","valueRequired":true,"valueName":"search_term_string"}}],"inLanguage":"sr-RS"},{"@type":"Organization","@id":"https:\/\/hasira.net\/#organization","name":"HASHIRA, Novi Sad\u2019s Jewish Community Choir","url":"https:\/\/hasira.net\/","logo":{"@type":"ImageObject","inLanguage":"sr-RS","@id":"https:\/\/hasira.net\/#\/schema\/logo\/image\/","url":"https:\/\/hasira.net\/wp-content\/uploads\/2020\/07\/HASHIRA-LOGO-A.png","contentUrl":"https:\/\/hasira.net\/wp-content\/uploads\/2020\/07\/HASHIRA-LOGO-A.png","width":332,"height":59,"caption":"HASHIRA, Novi Sad\u2019s Jewish Community Choir"},"image":{"@id":"https:\/\/hasira.net\/#\/schema\/logo\/image\/"}}]}},"_links":{"self":[{"href":"https:\/\/hasira.net\/sr\/wp-json\/wp\/v2\/pages\/1561","targetHints":{"allow":["GET"]}}],"collection":[{"href":"https:\/\/hasira.net\/sr\/wp-json\/wp\/v2\/pages"}],"about":[{"href":"https:\/\/hasira.net\/sr\/wp-json\/wp\/v2\/types\/page"}],"author":[{"embeddable":true,"href":"https:\/\/hasira.net\/sr\/wp-json\/wp\/v2\/users\/1"}],"replies":[{"embeddable":true,"href":"https:\/\/hasira.net\/sr\/wp-json\/wp\/v2\/comments?post=1561"}],"version-history":[{"count":1,"href":"https:\/\/hasira.net\/sr\/wp-json\/wp\/v2\/pages\/1561\/revisions"}],"predecessor-version":[{"id":2414,"href":"https:\/\/hasira.net\/sr\/wp-json\/wp\/v2\/pages\/1561\/revisions\/2414"}],"wp:featuredmedia":[{"embeddable":true,"href":"https:\/\/hasira.net\/sr\/wp-json\/wp\/v2\/media\/1595"}],"wp:attachment":[{"href":"https:\/\/hasira.net\/sr\/wp-json\/wp\/v2\/media?parent=1561"}],"curies":[{"name":"wp","href":"https:\/\/api.w.org\/{rel}","templated":true}]}}