{"id":1261,"date":"2020-07-13T11:27:40","date_gmt":"2020-07-13T10:27:40","guid":{"rendered":"http:\/\/hasira.net\/?page_id=1261"},"modified":"2022-12-18T00:27:04","modified_gmt":"2022-12-17T23:27:04","slug":"footer","status":"publish","type":"page","link":"https:\/\/hasira.net\/sr\/footer\/","title":{"rendered":"FOOTER"},"content":{"rendered":"[vc_row full_width=&#8221;stretch_row_content_no_spaces&#8221; css=&#8221;.vc_custom_1594647879941{margin-bottom: -20px !important;}&#8221;][vc_column][vc_separator border_width=&#8221;2&#8243; css_animation=&#8221;none&#8221;][\/vc_column][\/vc_row][vc_row full_width=&#8221;stretch_row&#8221; gap=&#8221;20&#8243; css=&#8221;.vc_custom_1594646723141{background-image: url(http:\/\/hasira.net\/wp-content\/uploads\/2020\/07\/HASIRA-NOTE-BACKGROUND-GRAY-4.png?id=1272) !important;}&#8221;][vc_column][vc_row_inner gap=&#8221;30&#8243;][vc_column_inner width=&#8221;1\/3&#8243;][vc_column_text]\n<h3>Ha\u0161ira<\/h3>\n[\/vc_column_text][vc_column_text]\n<p style=\"text-align: justify;\">Hebrejska re\u010d <em>ha\u0161ira<\/em> ( <a href=\"https:\/\/context.reverso.net\/translation\/hebrew-english\/%D7%94%D7%A9%D7%99%D7%A8%D7%94\" target=\"_blank\" rel=\"noopener noreferrer\">\u05d4\u05e9\u05d9\u05e8\u05d4<\/a> ) zna\u010di pesma. To je ujedno i ime hora novosadske jevrejske op\u0161tine. Na\u0161eg hora. Mi negujemo prvenstveno jevrejsku duhovnu i svetovnu muziku, ali nemamo ograni\u010denja u repertoaru. Ako nas pozovete, rado \u0107emo do\u0107i da Vam pevamo.<\/p>\n[\/vc_column_text][\/vc_column_inner][vc_column_inner width=&#8221;1\/3&#8243;][vc_column_text]\n<h3>Kontakt<\/h3>\n[\/vc_column_text][vc_column_text]HOR HA\u0160IRA<br \/>\nJevrejska op\u0161tina Novi Sad<br \/>\nJevrejska 11<br \/>\n21000 Novi Sad,Srbija<\/p>\n<p>\u0422elefon: <a href=\"tel:+38163547699\">+381 63 54 76 99<\/a><br \/>\nMail: <a href=\"mailto:mirko.stark@hasira.net\">mirko.stark@hasira.net<\/a>[\/vc_column_text][vc_column_text]\n<h3>Mapa stranice<\/h3>\n[\/vc_column_text][vc_column_text]<a href=\"http:\/\/hasira.net\/sitemap.html\" target=\"_blank\" rel=\"noopener noreferrer\">Mapa stranice<\/a>[\/vc_column_text][\/vc_column_inner][vc_column_inner width=&#8221;1\/3&#8243;][vc_column_text]\n<h3>Pi\u0161ite nam<\/h3>\n[\/vc_column_text][vc_column_text]\n<div class=\"wpcf7 no-js\" id=\"wpcf7-f2619-o1\" lang=\"en-US\" dir=\"ltr\" data-wpcf7-id=\"2619\">\n<div class=\"screen-reader-response\"><p role=\"status\" aria-live=\"polite\" aria-atomic=\"true\"><\/p> <ul><\/ul><\/div>\n<form action=\"\/sr\/wp-json\/wp\/v2\/pages\/1261#wpcf7-f2619-o1\" method=\"post\" class=\"wpcf7-form init\" aria-label=\"Contact form\" novalidate=\"novalidate\" data-status=\"init\">\n<fieldset class=\"hidden-fields-container\"><input type=\"hidden\" name=\"_wpcf7\" value=\"2619\" \/><input type=\"hidden\" name=\"_wpcf7_version\" value=\"6.1.4\" \/><input type=\"hidden\" name=\"_wpcf7_locale\" value=\"en_US\" \/><input type=\"hidden\" name=\"_wpcf7_unit_tag\" value=\"wpcf7-f2619-o1\" \/><input type=\"hidden\" name=\"_wpcf7_container_post\" value=\"0\" \/><input type=\"hidden\" name=\"_wpcf7_posted_data_hash\" value=\"\" \/><input type=\"hidden\" name=\"lang\" value=\"sr\" \/><input type=\"hidden\" name=\"_wpcf7_recaptcha_response\" value=\"\" \/>\n<\/fieldset>\n<p><label> Ime (potrebno)<span class=\"wpcf7-form-control-wrap\" data-name=\"your-name\"><input size=\"40\" maxlength=\"400\" class=\"wpcf7-form-control wpcf7-text wpcf7-validates-as-required\" aria-required=\"true\" aria-invalid=\"false\" value=\"\" type=\"text\" name=\"your-name\" \/><\/span> <\/label><label> Email (potrebno)<span class=\"wpcf7-form-control-wrap\" data-name=\"your-email\"><input size=\"40\" maxlength=\"400\" class=\"wpcf7-form-control wpcf7-email wpcf7-validates-as-required wpcf7-text wpcf7-validates-as-email\" aria-required=\"true\" aria-invalid=\"false\" value=\"\" type=\"email\" name=\"your-email\" \/><\/span> <\/label><label> Poruka<span class=\"wpcf7-form-control-wrap\" data-name=\"your-message\"><textarea cols=\"40\" rows=\"10\" maxlength=\"2000\" class=\"wpcf7-form-control wpcf7-textarea\" aria-invalid=\"false\" name=\"your-message\"><\/textarea><\/span> <\/label>\n<\/p>\n<p><input class=\"wpcf7-form-control wpcf7-submit has-spinner\" type=\"submit\" value=\"PO\u0160ALJI\" \/>\n<\/p><div class=\"wpcf7-response-output\" aria-hidden=\"true\"><\/div>\n<\/form>\n<\/div>\n[\/vc_column_text][\/vc_column_inner][\/vc_row_inner][vc_row_inner css=&#8221;.vc_custom_1595975966778{margin-top: -120px !important;}&#8221;][vc_column_inner][vc_column_text css=&#8221;.vc_custom_1594648511693{margin-top: -30px !important;}&#8221;]\n<h3>Gde smo<\/h3>\n[\/vc_column_text][vc_column_text css=&#8221;.vc_custom_1594644360769{border-top-width: 1px !important;border-right-width: 1px !important;border-bottom-width: 1px !important;border-left-width: 1px !important;border-left-color: #8e8e8e !important;border-left-style: solid !important;border-right-color: #8e8e8e !important;border-right-style: solid !important;border-top-color: #8e8e8e !important;border-top-style: solid !important;border-bottom-color: #8e8e8e !important;border-bottom-style: solid !important;}&#8221;]<div class=\"su-gmap su-u-responsive-media-yes\"><iframe loading=\"lazy\" width=\"600\" height=\"400\" src=\"\/\/maps.google.com\/maps?q=%D0%A1%D0%B8%D0%BD%D0%B0%D0%B3%D0%BE%D0%B3%D0%B0%20%D0%9D%D0%BE%D0%B2%D0%B8%20%D0%A1%D0%B0%D0%B4&amp;output=embed\" title=\"\"><\/iframe><\/div>[\/vc_column_text][vc_column_text css=&#8221;.vc_custom_1671319553563{margin-top: 50px !important;}&#8221;]\n<p style=\"text-align: center; font-size: 12pt; color: #808080; font-family: Roboto;\"><span style=\"color: #808080;\"><a style=\"color: #808080;\" href=\"https:\/\/amarawebstudio.com\/\" target=\"_blank\" rel=\"noopener\"><span style=\"color: #999999;\"><span style=\"color: #808080;\">AMARA WEB STUDIO<\/span><\/span><\/a> <\/span>\u00a92023<\/p>\n[\/vc_column_text][\/vc_column_inner][\/vc_row_inner][\/vc_column][\/vc_row]\n","protected":false},"excerpt":{"rendered":"<p>[vc_row full_width=&#8221;stretch_row_content_no_spaces&#8221; css=&#8221;.vc_custom_1594647879941{margin-bottom: -20px !important;}&#8221;][vc_column][vc_separator border_width=&#8221;2&#8243; css_animation=&#8221;none&#8221;][\/vc_column][\/vc_row][vc_row full_width=&#8221;stretch_row&#8221; gap=&#8221;20&#8243; css=&#8221;.vc_custom_1594646723141{background-image: url(http:\/\/hasira.net\/wp-content\/uploads\/2020\/07\/HASIRA-NOTE-BACKGROUND-GRAY-4.png?id=1272) !important;}&#8221;][vc_column][vc_row_inner gap=&#8221;30&#8243;][vc_column_inner width=&#8221;1\/3&#8243;][vc_column_text] Ha\u0161ira [\/vc_column_text][vc_column_text] Hebrejska re\u010d&#8230; <a class=\"excerpt-read-more\" href=\"https:\/\/hasira.net\/sr\/footer\/\"><span>Read More<\/span><\/a><\/p>\n","protected":false},"author":1,"featured_media":0,"parent":0,"menu_order":0,"comment_status":"closed","ping_status":"closed","template":"","meta":{"_acf_changed":false,"footnotes":""},"class_list":["post-1261","page","type-page","status-publish","hentry"],"acf":[],"yoast_head":"<!-- This site is optimized with the Yoast SEO plugin v26.8 - https:\/\/yoast.com\/product\/yoast-seo-wordpress\/ -->\n<title>FOOTER<\/title>\n<meta name=\"description\" content=\"Hashira choir nurtures primarily Jewish spiritual and secular music but also performs every other good choral music. Word &#039;hashira&#039; - \u05d4\u05e9\u05d9\u05e8\u05d4 - means singing and poetry. Hashira likes to sing at every event, gathering or occasion that contributes to love, respect and kindness among people and harmony with nature in and around us.\" \/>\n<meta name=\"robots\" content=\"index, follow, max-snippet:-1, max-image-preview:large, max-video-preview:-1\" \/>\n<link rel=\"canonical\" href=\"https:\/\/hasira.net\/sr\/footer\/\" \/>\n<meta property=\"og:locale\" content=\"sr_RS\" \/>\n<meta property=\"og:locale:alternate\" content=\"en_UK\" \/>\n<meta property=\"og:type\" content=\"article\" \/>\n<meta property=\"og:title\" content=\"FOOTER\" \/>\n<meta property=\"og:description\" content=\"Hashira choir nurtures primarily Jewish spiritual and secular music but also performs every other good choral music. Word &#039;hashira&#039; - \u05d4\u05e9\u05d9\u05e8\u05d4 - means singing and poetry. Hashira likes to sing at every event, gathering or occasion that contributes to love, respect and kindness among people and harmony with nature in and around us.\" \/>\n<meta property=\"og:url\" content=\"https:\/\/hasira.net\/sr\/footer\/\" \/>\n<meta property=\"og:site_name\" content=\"HA&Scaron;IRA\" \/>\n<meta property=\"article:modified_time\" content=\"2022-12-17T23:27:04+00:00\" \/>\n<meta property=\"og:image\" content=\"https:\/\/hasira.net\/wp-content\/uploads\/2020\/07\/Hasira_20-godina-Hasire_02_Sanktus.jpg\" \/>\n\t<meta property=\"og:image:width\" content=\"1920\" \/>\n\t<meta property=\"og:image:height\" content=\"1280\" \/>\n\t<meta property=\"og:image:type\" content=\"image\/jpeg\" \/>\n<meta name=\"twitter:card\" content=\"summary_large_image\" \/>\n<meta name=\"twitter:label1\" content=\"\u041f\u0440\u043e\u0446\u0435\u045a\u0435\u043d\u043e \u0432\u0440\u0435\u043c\u0435 \u0447\u0438\u0442\u0430\u045a\u0430\" \/>\n\t<meta name=\"twitter:data1\" content=\"1 \u043c\u0438\u043d\u0443\u0442\" \/>\n<script type=\"application\/ld+json\" class=\"yoast-schema-graph\">{\"@context\":\"https:\/\/schema.org\",\"@graph\":[{\"@type\":\"WebPage\",\"@id\":\"https:\/\/hasira.net\/footer\/\",\"url\":\"https:\/\/hasira.net\/footer\/\",\"name\":\"FOOTER\",\"isPartOf\":{\"@id\":\"https:\/\/hasira.net\/#website\"},\"datePublished\":\"2020-07-13T10:27:40+00:00\",\"dateModified\":\"2022-12-17T23:27:04+00:00\",\"description\":\"Hashira choir nurtures primarily Jewish spiritual and secular music but also performs every other good choral music. Word 'hashira' - \u05d4\u05e9\u05d9\u05e8\u05d4 - means singing and poetry. Hashira likes to sing at every event, gathering or occasion that contributes to love, respect and kindness among people and harmony with nature in and around us.\",\"breadcrumb\":{\"@id\":\"https:\/\/hasira.net\/footer\/#breadcrumb\"},\"inLanguage\":\"sr-RS\",\"potentialAction\":[{\"@type\":\"ReadAction\",\"target\":[\"https:\/\/hasira.net\/footer\/\"]}]},{\"@type\":\"BreadcrumbList\",\"@id\":\"https:\/\/hasira.net\/footer\/#breadcrumb\",\"itemListElement\":[{\"@type\":\"ListItem\",\"position\":1,\"name\":\"Home\",\"item\":\"https:\/\/hasira.net\/\"},{\"@type\":\"ListItem\",\"position\":2,\"name\":\"FOOTER EN\"}]},{\"@type\":\"WebSite\",\"@id\":\"https:\/\/hasira.net\/#website\",\"url\":\"https:\/\/hasira.net\/\",\"name\":\"HA&Scaron;IRA\",\"description\":\"Novi Sad&rsquo;s Jewish Community Choir\",\"publisher\":{\"@id\":\"https:\/\/hasira.net\/#organization\"},\"potentialAction\":[{\"@type\":\"SearchAction\",\"target\":{\"@type\":\"EntryPoint\",\"urlTemplate\":\"https:\/\/hasira.net\/?s={search_term_string}\"},\"query-input\":{\"@type\":\"PropertyValueSpecification\",\"valueRequired\":true,\"valueName\":\"search_term_string\"}}],\"inLanguage\":\"sr-RS\"},{\"@type\":\"Organization\",\"@id\":\"https:\/\/hasira.net\/#organization\",\"name\":\"HASHIRA, Novi Sad\u2019s Jewish Community Choir\",\"url\":\"https:\/\/hasira.net\/\",\"logo\":{\"@type\":\"ImageObject\",\"inLanguage\":\"sr-RS\",\"@id\":\"https:\/\/hasira.net\/#\/schema\/logo\/image\/\",\"url\":\"https:\/\/hasira.net\/wp-content\/uploads\/2020\/07\/HASHIRA-LOGO-A.png\",\"contentUrl\":\"https:\/\/hasira.net\/wp-content\/uploads\/2020\/07\/HASHIRA-LOGO-A.png\",\"width\":332,\"height\":59,\"caption\":\"HASHIRA, Novi Sad\u2019s Jewish Community Choir\"},\"image\":{\"@id\":\"https:\/\/hasira.net\/#\/schema\/logo\/image\/\"}}]}<\/script>\n<!-- \/ Yoast SEO plugin. -->","yoast_head_json":{"title":"FOOTER","description":"Hashira choir nurtures primarily Jewish spiritual and secular music but also performs every other good choral music. Word 'hashira' - \u05d4\u05e9\u05d9\u05e8\u05d4 - means singing and poetry. Hashira likes to sing at every event, gathering or occasion that contributes to love, respect and kindness among people and harmony with nature in and around us.","robots":{"index":"index","follow":"follow","max-snippet":"max-snippet:-1","max-image-preview":"max-image-preview:large","max-video-preview":"max-video-preview:-1"},"canonical":"https:\/\/hasira.net\/sr\/footer\/","og_locale":"sr_RS","og_type":"article","og_title":"[:en]FOOTER EN[:sr]FOOTER[:] - HA&Scaron;IRA","og_description":"Hashira choir nurtures primarily Jewish spiritual and secular music but also performs every other good choral music. Word 'hashira' - \u05d4\u05e9\u05d9\u05e8\u05d4 - means singing and poetry. Hashira likes to sing at every event, gathering or occasion that contributes to love, respect and kindness among people and harmony with nature in and around us.","og_url":"https:\/\/hasira.net\/sr\/footer\/","og_site_name":"HA&Scaron;IRA","article_modified_time":"2022-12-17T23:27:04+00:00","og_image":[{"width":1920,"height":1280,"url":"https:\/\/hasira.net\/wp-content\/uploads\/2020\/07\/Hasira_20-godina-Hasire_02_Sanktus.jpg","type":"image\/jpeg"}],"twitter_card":"summary_large_image","twitter_misc":{"\u041f\u0440\u043e\u0446\u0435\u045a\u0435\u043d\u043e \u0432\u0440\u0435\u043c\u0435 \u0447\u0438\u0442\u0430\u045a\u0430":"1 \u043c\u0438\u043d\u0443\u0442"},"schema":{"@context":"https:\/\/schema.org","@graph":[{"@type":"WebPage","@id":"https:\/\/hasira.net\/footer\/","url":"https:\/\/hasira.net\/footer\/","name":"FOOTER","isPartOf":{"@id":"https:\/\/hasira.net\/#website"},"datePublished":"2020-07-13T10:27:40+00:00","dateModified":"2022-12-17T23:27:04+00:00","description":"Hashira choir nurtures primarily Jewish spiritual and secular music but also performs every other good choral music. Word 'hashira' - \u05d4\u05e9\u05d9\u05e8\u05d4 - means singing and poetry. Hashira likes to sing at every event, gathering or occasion that contributes to love, respect and kindness among people and harmony with nature in and around us.","breadcrumb":{"@id":"https:\/\/hasira.net\/footer\/#breadcrumb"},"inLanguage":"sr-RS","potentialAction":[{"@type":"ReadAction","target":["https:\/\/hasira.net\/footer\/"]}]},{"@type":"BreadcrumbList","@id":"https:\/\/hasira.net\/footer\/#breadcrumb","itemListElement":[{"@type":"ListItem","position":1,"name":"Home","item":"https:\/\/hasira.net\/"},{"@type":"ListItem","position":2,"name":"FOOTER EN"}]},{"@type":"WebSite","@id":"https:\/\/hasira.net\/#website","url":"https:\/\/hasira.net\/","name":"HA&Scaron;IRA","description":"Novi Sad&rsquo;s Jewish Community Choir","publisher":{"@id":"https:\/\/hasira.net\/#organization"},"potentialAction":[{"@type":"SearchAction","target":{"@type":"EntryPoint","urlTemplate":"https:\/\/hasira.net\/?s={search_term_string}"},"query-input":{"@type":"PropertyValueSpecification","valueRequired":true,"valueName":"search_term_string"}}],"inLanguage":"sr-RS"},{"@type":"Organization","@id":"https:\/\/hasira.net\/#organization","name":"HASHIRA, Novi Sad\u2019s Jewish Community Choir","url":"https:\/\/hasira.net\/","logo":{"@type":"ImageObject","inLanguage":"sr-RS","@id":"https:\/\/hasira.net\/#\/schema\/logo\/image\/","url":"https:\/\/hasira.net\/wp-content\/uploads\/2020\/07\/HASHIRA-LOGO-A.png","contentUrl":"https:\/\/hasira.net\/wp-content\/uploads\/2020\/07\/HASHIRA-LOGO-A.png","width":332,"height":59,"caption":"HASHIRA, Novi Sad\u2019s Jewish Community Choir"},"image":{"@id":"https:\/\/hasira.net\/#\/schema\/logo\/image\/"}}]}},"_links":{"self":[{"href":"https:\/\/hasira.net\/sr\/wp-json\/wp\/v2\/pages\/1261","targetHints":{"allow":["GET"]}}],"collection":[{"href":"https:\/\/hasira.net\/sr\/wp-json\/wp\/v2\/pages"}],"about":[{"href":"https:\/\/hasira.net\/sr\/wp-json\/wp\/v2\/types\/page"}],"author":[{"embeddable":true,"href":"https:\/\/hasira.net\/sr\/wp-json\/wp\/v2\/users\/1"}],"replies":[{"embeddable":true,"href":"https:\/\/hasira.net\/sr\/wp-json\/wp\/v2\/comments?post=1261"}],"version-history":[{"count":25,"href":"https:\/\/hasira.net\/sr\/wp-json\/wp\/v2\/pages\/1261\/revisions"}],"predecessor-version":[{"id":2791,"href":"https:\/\/hasira.net\/sr\/wp-json\/wp\/v2\/pages\/1261\/revisions\/2791"}],"wp:attachment":[{"href":"https:\/\/hasira.net\/sr\/wp-json\/wp\/v2\/media?parent=1261"}],"curies":[{"name":"wp","href":"https:\/\/api.w.org\/{rel}","templated":true}]}}